{"id":39,"date":"2015-07-26T21:15:28","date_gmt":"2015-07-26T19:15:28","guid":{"rendered":"http:\/\/www.ds-husen.de\/?page_id=39"},"modified":"2019-05-21T14:17:53","modified_gmt":"2019-05-21T12:17:53","slug":"schaedlingsbekaempfung","status":"publish","type":"page","link":"https:\/\/www.schaedlingsbekaempfung-buchholz.de\/index.php\/schaedlingsbekaempfung\/","title":{"rendered":"Sch\u00e4dlingsbek\u00e4mpfung"},"content":{"rendered":"<p>Wir sind Ihr Ansprechpartner wenn es um Nager geht.<\/p>\n<p>IHK gepr\u00fcfte und Zertifizierte Sch\u00e4dlingsbek\u00e4mpfer k\u00fcmmern sich professionell um die Sch\u00e4dlinge oder L\u00e4stlinge.<\/p>\n<div id=\"attachment_180\" style=\"width: 387px\" class=\"wp-caption alignleft\"><a href=\"http:\/\/www.ds-husen.de\/wp-content\/uploads\/maus.jpg\"><img aria-describedby=\"caption-attachment-180\" loading=\"lazy\" class=\" wp-image-180\" src=\"http:\/\/www.ds-husen.de\/wp-content\/uploads\/maus.jpg\" alt=\"Husen Dachservice &amp; Sch\u00e4dlingsbek\u00e4mpfung 21244\" width=\"377\" height=\"300\" \/><\/a><p id=\"caption-attachment-180\" class=\"wp-caption-text\">Maus in der Vorratsschublade Husen Dachservice &amp; Sch\u00e4dlingsbek\u00e4mpfung 21256<\/p><\/div>\n<p>&nbsp;<\/p>\n<p>&nbsp;<\/p>\n<p>&nbsp;<\/p>\n<p>Brauchen Sie eine schnelle L\u00f6sung des Problems?<\/p>\n<p>Denn rufen Sie unter 04188-4444354 an und wir finden schnell einen Termin!<\/p>\n<div id=\"attachment_140\" style=\"width: 326px\" class=\"wp-caption alignnone\"><a href=\"http:\/\/www.ds-husen.de\/wp-content\/uploads\/12042671_10200857656480655_2748529173937885927_n.jpg\"><img aria-describedby=\"caption-attachment-140\" loading=\"lazy\" class=\" wp-image-140\" src=\"http:\/\/www.ds-husen.de\/wp-content\/uploads\/12042671_10200857656480655_2748529173937885927_n.jpg\" alt=\"Wanderratte Ratte Husen Dachservice &amp; Sch\u00e4dlingsbek\u00e4mpfung\" width=\"316\" height=\"562\" \/><\/a><p id=\"caption-attachment-140\" class=\"wp-caption-text\">Wanderratte Ratte Husen Dachservice &amp; Sch\u00e4dlingsbek\u00e4mpfung<\/p><\/div>\n<p><img loading=\"lazy\" class=\"alignnone size-full wp-image-368\" src=\"http:\/\/www.ds-husen.de\/wp-content\/uploads\/IMG_20170518_184053.jpg\" alt=\"\" width=\"4160\" height=\"3120\" \/><\/p>\n<p>Ameisen sind zwar klein aber man sollte sie nicht untersch\u00e4tzen. Sie k\u00f6nnen nicht nur das 100fache ihres k\u00f6rpergewichtes tragen, sie k\u00f6nnen auch sehr viele Sch\u00e4den anrichten. Lassen sie es nicht so weit kommen und rufen sie uns vorher an.<\/p>\n<p>Sie k\u00f6nnen uns auch gerne bei Faceboock besuchen:<\/p>\n<p><a href=\"https:\/\/www.facebook.com\/HUSEN-Dachservice-Sch\u00e4dlingsbek\u00e4mpfung-1621391724784358\/timeline\/?ref=hl\" target=\"_blank\">Husen Dachservice &amp; Sch\u00e4dlingsbek\u00e4mpfung<\/a><\/p>\n<p>Ihr Team Husen<\/p>\n","protected":false},"excerpt":{"rendered":"<p>Wir sind Ihr Ansprechpartner wenn es um Nager geht. IHK gepr\u00fcfte und Zertifizierte Sch\u00e4dlingsbek\u00e4mpfer k\u00fcmmern sich professionell um die Sch\u00e4dlinge oder L\u00e4stlinge. &nbsp; &nbsp; &nbsp; Brauchen Sie eine schnelle L\u00f6sung des Problems? Denn rufen Sie unter 04188-4444354 an und wir finden schnell einen Termin! Ameisen sind zwar klein aber man sollte sie nicht untersch\u00e4tzen. Sie k\u00f6nnen nicht nur das 100fache<\/p>\n<p><a class=\"more-link\" href=\"https:\/\/www.schaedlingsbekaempfung-buchholz.de\/index.php\/schaedlingsbekaempfung\/\">Weiterlesen<\/a><\/p>\n","protected":false},"author":1,"featured_media":0,"parent":0,"menu_order":0,"comment_status":"open","ping_status":"closed","template":"","meta":[],"_links":{"self":[{"href":"https:\/\/www.schaedlingsbekaempfung-buchholz.de\/index.php\/wp-json\/wp\/v2\/pages\/39"}],"collection":[{"href":"https:\/\/www.schaedlingsbekaempfung-buchholz.de\/index.php\/wp-json\/wp\/v2\/pages"}],"about":[{"href":"https:\/\/www.schaedlingsbekaempfung-buchholz.de\/index.php\/wp-json\/wp\/v2\/types\/page"}],"author":[{"embeddable":true,"href":"https:\/\/www.schaedlingsbekaempfung-buchholz.de\/index.php\/wp-json\/wp\/v2\/users\/1"}],"replies":[{"embeddable":true,"href":"https:\/\/www.schaedlingsbekaempfung-buchholz.de\/index.php\/wp-json\/wp\/v2\/comments?post=39"}],"version-history":[{"count":19,"href":"https:\/\/www.schaedlingsbekaempfung-buchholz.de\/index.php\/wp-json\/wp\/v2\/pages\/39\/revisions"}],"predecessor-version":[{"id":509,"href":"https:\/\/www.schaedlingsbekaempfung-buchholz.de\/index.php\/wp-json\/wp\/v2\/pages\/39\/revisions\/509"}],"wp:attachment":[{"href":"https:\/\/www.schaedlingsbekaempfung-buchholz.de\/index.php\/wp-json\/wp\/v2\/media?parent=39"}],"curies":[{"name":"wp","href":"https:\/\/api.w.org\/{rel}","templated":true}]}}