{"id":362,"date":"2017-05-25T00:38:41","date_gmt":"2017-05-24T22:38:41","guid":{"rendered":"http:\/\/www.schaedlingsbekaempfung-buchholz.de\/?page_id=362"},"modified":"2020-08-28T11:28:12","modified_gmt":"2020-08-28T09:28:12","slug":"wespenbekaempfung","status":"publish","type":"page","link":"https:\/\/www.schaedlingsbekaempfung-buchholz.de\/index.php\/wespenbekaempfung\/","title":{"rendered":"Wespenbek\u00e4mpfung"},"content":{"rendered":"<blockquote>\n<h1><span style=\"color: #00ff00;\">Wespen \u201eTrainieren \u201e<\/span><\/h1>\n<div id=\"attachment_544\" style=\"width: 3517px\" class=\"wp-caption alignnone\"><img aria-describedby=\"caption-attachment-544\" loading=\"lazy\" class=\"size-full wp-image-544\" src=\"http:\/\/www.ds-husen.de\/wp-content\/uploads\/67665019-6CBE-4A21-A0CB-C1B5BA937532.jpeg\" alt=\"Sch\u00e4dlingsbek\u00e4mpfung Wespen\" width=\"3507\" height=\"2630\" \/><p id=\"caption-attachment-544\" class=\"wp-caption-text\">Sch\u00e4dlingsbek\u00e4mpfung Wespen<\/p><\/div>\n<p class=\"p3\"><span class=\"s2\">Das Wetter wird immer toller <\/span><span class=\"s3\">\u2600\ufe0f<\/span><span class=\"s2\"> und wir verbringen gerne unsere Zeit in unseren G\u00e4rten oder auf dem Balkon<\/span><span class=\"s3\">????<\/span><span class=\"s2\">. Wir fangen an drau\u00dfen unsere Getr\u00e4nke <\/span><span class=\"s3\">????<\/span><span class=\"s2\">stehen zuhaben und essen <\/span><span class=\"s3\">????????<\/span><span class=\"s2\">gerne an der frischen Luft. Die Wespen <\/span><span class=\"s3\">????<\/span><span class=\"s2\"> bekommen das mit und wollen ein St\u00fcckchen von unserem Teller <\/span><span class=\"s3\">????<\/span><span class=\"s2\"> abhaben und schwirren um uns rum. Um dies zuverhindern kann man anfangen einen Teller mit etwas Obst <\/span><span class=\"s3\">????<\/span> <span class=\"s3\">????<\/span><span class=\"s2\">an einer Stelle, an der die Wespen uns nicht st\u00f6ren, zu stellen damit die kleinen gestreiften<\/span><span class=\"s3\">????<\/span><span class=\"s2\"> sich da bedienen k\u00f6nnen. So \u201etrainieren\u201c wir die Tiere auf diesen Bereich und k\u00f6nnen in Ruhe unseren Kuchen essen!<\/span><span class=\"s3\">????<\/span><\/p>\n<h1><\/h1>\n<h3><strong>~HORNISSEN ~<\/strong><\/h3>\n<h3>Die Tiere stehen unter Artenschutz und d\u00fcrfen daher nicht abget\u00f6tet werden. Bitte wenden Sie sich an einen Hornissenberater oder an die Naturschutzbeh\u00f6rde Winsen! Sie k\u00f6nnen uns auch kontaktieren, wir vermitteln gerne weiter!<\/h3>\n<\/blockquote>\n","protected":false},"excerpt":{"rendered":"<p>Wespen \u201eTrainieren \u201e Das Wetter wird immer toller \u2600\ufe0f und wir verbringen gerne unsere Zeit in unseren G\u00e4rten oder auf dem Balkon????. Wir fangen an drau\u00dfen unsere Getr\u00e4nke ????stehen zuhaben und essen ????????gerne an der frischen Luft. Die Wespen ???? bekommen das mit und wollen ein St\u00fcckchen von unserem Teller ???? abhaben und schwirren um uns rum. Um dies zuverhindern<\/p>\n<p><a class=\"more-link\" href=\"https:\/\/www.schaedlingsbekaempfung-buchholz.de\/index.php\/wespenbekaempfung\/\">Weiterlesen<\/a><\/p>\n","protected":false},"author":1,"featured_media":0,"parent":0,"menu_order":0,"comment_status":"closed","ping_status":"closed","template":"","meta":[],"_links":{"self":[{"href":"https:\/\/www.schaedlingsbekaempfung-buchholz.de\/index.php\/wp-json\/wp\/v2\/pages\/362"}],"collection":[{"href":"https:\/\/www.schaedlingsbekaempfung-buchholz.de\/index.php\/wp-json\/wp\/v2\/pages"}],"about":[{"href":"https:\/\/www.schaedlingsbekaempfung-buchholz.de\/index.php\/wp-json\/wp\/v2\/types\/page"}],"author":[{"embeddable":true,"href":"https:\/\/www.schaedlingsbekaempfung-buchholz.de\/index.php\/wp-json\/wp\/v2\/users\/1"}],"replies":[{"embeddable":true,"href":"https:\/\/www.schaedlingsbekaempfung-buchholz.de\/index.php\/wp-json\/wp\/v2\/comments?post=362"}],"version-history":[{"count":4,"href":"https:\/\/www.schaedlingsbekaempfung-buchholz.de\/index.php\/wp-json\/wp\/v2\/pages\/362\/revisions"}],"predecessor-version":[{"id":556,"href":"https:\/\/www.schaedlingsbekaempfung-buchholz.de\/index.php\/wp-json\/wp\/v2\/pages\/362\/revisions\/556"}],"wp:attachment":[{"href":"https:\/\/www.schaedlingsbekaempfung-buchholz.de\/index.php\/wp-json\/wp\/v2\/media?parent=362"}],"curies":[{"name":"wp","href":"https:\/\/api.w.org\/{rel}","templated":true}]}}