{"id":31,"date":"2015-07-26T21:01:06","date_gmt":"2015-07-26T19:01:06","guid":{"rendered":"http:\/\/www.ds-husen.de\/?page_id=31"},"modified":"2025-08-28T22:57:23","modified_gmt":"2025-08-28T20:57:23","slug":"startseite","status":"publish","type":"page","link":"https:\/\/www.schaedlingsbekaempfung-buchholz.de\/","title":{"rendered":"Herzlich Willkommen"},"content":{"rendered":"<h1 style=\"text-align: center;\">\u00a0<\/h1>\n<h1 style=\"padding-left: 30px;\"><strong><span style=\"color: #00ff00;\">E-Mail: <\/span>Info@ds-Husen.de<\/strong><\/h1>\n<h1><span style=\"color: #00ff00;\"><strong>Aktuelles:<\/strong><\/span><\/h1>\n<h1>\u00a0<\/h1>\n<div id=\"attachment_628\" style=\"width: 2570px\" class=\"wp-caption alignnone\"><img aria-describedby=\"caption-attachment-628\" loading=\"lazy\" class=\"size-full wp-image-628\" src=\"http:\/\/www.schaedlingsbekaempfung-buchholz.de\/wp-content\/uploads\/50ADF07D-62DD-465E-BE97-646977C5FF6D-scaled.jpeg\" alt=\"Husen Sch\u00e4dlingsbek\u00e4mpfung \" width=\"2560\" height=\"1920\" srcset=\"https:\/\/www.schaedlingsbekaempfung-buchholz.de\/wp-content\/uploads\/50ADF07D-62DD-465E-BE97-646977C5FF6D-scaled.jpeg 2560w, https:\/\/www.schaedlingsbekaempfung-buchholz.de\/wp-content\/uploads\/50ADF07D-62DD-465E-BE97-646977C5FF6D-300x225.jpeg 300w, https:\/\/www.schaedlingsbekaempfung-buchholz.de\/wp-content\/uploads\/50ADF07D-62DD-465E-BE97-646977C5FF6D-1024x768.jpeg 1024w, https:\/\/www.schaedlingsbekaempfung-buchholz.de\/wp-content\/uploads\/50ADF07D-62DD-465E-BE97-646977C5FF6D-768x576.jpeg 768w, https:\/\/www.schaedlingsbekaempfung-buchholz.de\/wp-content\/uploads\/50ADF07D-62DD-465E-BE97-646977C5FF6D-1536x1152.jpeg 1536w, https:\/\/www.schaedlingsbekaempfung-buchholz.de\/wp-content\/uploads\/50ADF07D-62DD-465E-BE97-646977C5FF6D-2048x1536.jpeg 2048w, https:\/\/www.schaedlingsbekaempfung-buchholz.de\/wp-content\/uploads\/50ADF07D-62DD-465E-BE97-646977C5FF6D-800x600.jpeg 800w, https:\/\/www.schaedlingsbekaempfung-buchholz.de\/wp-content\/uploads\/50ADF07D-62DD-465E-BE97-646977C5FF6D-400x300.jpeg 400w\" sizes=\"(max-width: 2560px) 100vw, 2560px\" \/><p id=\"caption-attachment-628\" class=\"wp-caption-text\">Husen Sch\u00e4dlingsbek\u00e4mpfung<\/p><\/div>\n<h1>\u00a0<\/h1>\n<p>\u00a0<\/p>\n<p><span style=\"color: #00ff00;\"><strong>Moin moin,<\/strong><\/span><br \/><em><strong>\u00a0<\/strong><\/em><\/p>\n<p><strong>Herzlich Willkommen auf unserer Internetseite.<\/strong><\/p>\n<p><strong style=\"font-size: 1rem;\">Wir sind Ihr Ansprechpartner wenn es um die Sch\u00e4dlingsbek\u00e4mpfung geht.<\/strong><\/p>\n<p><strong>Aufgrund unseres Fachwissens im Bereich des Bauwesen bek\u00e4mpfen\/ vergr\u00e4hmen wir Sch\u00e4dlinge, wie z.B M\u00e4use oder Marder nicht nur, sondern sichern Ihr Geb\u00e4ude vor dem erneutem Eindringen mit von uns entwickelten und bew\u00e4hrten Methoden. Sie werden von IHK gepr\u00fcften und T\u00dcV zertifizierten Sch\u00e4dlingsbek\u00e4mpfer\/innen beraten und betreut.<\/strong><\/p>\n<p><strong>Unser Familienunternehmen ist in 21256 Handeloh ans\u00e4ssig.<\/strong><\/p>\n<p>Wir freuen uns auf ihren Anruf und beraten Sie gern!<\/p>\n\n\n<p><\/p>\n","protected":false},"excerpt":{"rendered":"<p>\u00a0 E-Mail: Info@ds-Husen.de Aktuelles: \u00a0 \u00a0 \u00a0 Moin moin,\u00a0 Herzlich Willkommen auf unserer Internetseite. Wir sind Ihr Ansprechpartner wenn es um die Sch\u00e4dlingsbek\u00e4mpfung geht. Aufgrund unseres Fachwissens im Bereich des Bauwesen bek\u00e4mpfen\/ vergr\u00e4hmen wir Sch\u00e4dlinge, wie z.B M\u00e4use oder Marder nicht nur, sondern sichern Ihr Geb\u00e4ude vor dem erneutem Eindringen mit von uns entwickelten und bew\u00e4hrten Methoden. Sie werden von<\/p>\n<p><a class=\"more-link\" href=\"https:\/\/www.schaedlingsbekaempfung-buchholz.de\/\">Weiterlesen<\/a><\/p>\n","protected":false},"author":1,"featured_media":0,"parent":0,"menu_order":0,"comment_status":"closed","ping_status":"closed","template":"","meta":[],"_links":{"self":[{"href":"https:\/\/www.schaedlingsbekaempfung-buchholz.de\/index.php\/wp-json\/wp\/v2\/pages\/31"}],"collection":[{"href":"https:\/\/www.schaedlingsbekaempfung-buchholz.de\/index.php\/wp-json\/wp\/v2\/pages"}],"about":[{"href":"https:\/\/www.schaedlingsbekaempfung-buchholz.de\/index.php\/wp-json\/wp\/v2\/types\/page"}],"author":[{"embeddable":true,"href":"https:\/\/www.schaedlingsbekaempfung-buchholz.de\/index.php\/wp-json\/wp\/v2\/users\/1"}],"replies":[{"embeddable":true,"href":"https:\/\/www.schaedlingsbekaempfung-buchholz.de\/index.php\/wp-json\/wp\/v2\/comments?post=31"}],"version-history":[{"count":78,"href":"https:\/\/www.schaedlingsbekaempfung-buchholz.de\/index.php\/wp-json\/wp\/v2\/pages\/31\/revisions"}],"predecessor-version":[{"id":629,"href":"https:\/\/www.schaedlingsbekaempfung-buchholz.de\/index.php\/wp-json\/wp\/v2\/pages\/31\/revisions\/629"}],"wp:attachment":[{"href":"https:\/\/www.schaedlingsbekaempfung-buchholz.de\/index.php\/wp-json\/wp\/v2\/media?parent=31"}],"curies":[{"name":"wp","href":"https:\/\/api.w.org\/{rel}","templated":true}]}}