{"id":242,"date":"2017-03-07T15:46:49","date_gmt":"2017-03-07T14:46:49","guid":{"rendered":"http:\/\/www.ds-husen.de\/?page_id=242"},"modified":"2021-05-22T10:59:08","modified_gmt":"2021-05-22T08:59:08","slug":"wissenswertes","status":"publish","type":"page","link":"https:\/\/www.schaedlingsbekaempfung-buchholz.de\/index.php\/wissenswertes\/","title":{"rendered":"Wissenswertes"},"content":{"rendered":"<h1 align=\"justify\">Gemeine Wespe<\/h1>\n<p align=\"justify\"><strong>Die Gemeine Wespe geh\u00f6rt zur Familie der Echten Wespen. Weibchen werden zwischen 10 und 14mm, die M\u00e4nchen 13 bis 17mm, gro\u00df. Die K\u00f6nigin kann eine Gr\u00f6\u00dfe bis zu 20mm erreichen. Zu erkennen ist die Art an der ankerf\u00f6rmigen Zeichnung auf dem Kopfschild.<\/strong><\/p>\n<p align=\"justify\"><strong>Die Wespen sind in offenen Landschaften und Siedlungsbereichen zu finden. Die Gemeinen Wespen bilden Staaten. Die Nester bauen sie unterirdisch und an der&nbsp; Oberff\u00e4che wenn die Orte gesch\u00fctzt sind. Im Fr\u00fchjahr beginnen die Jungk\u00f6niginnen den Bau des Nestes bis die ersten Arbeiterinnen schl\u00fcpfen. Danach \u00fcbernehmen diese den Bau des Nestes und die K\u00f6nigin konzentriert sich nur noch auf das Eierlegen. Die Arbeiterinnen versorgen die Larven, indem sie verschiedene Insekten jagen. Beliebt bei den Larven sind Fliegen, von denen sie nur das Brustst\u00fcck verzehren. Ausgewachsene Wespen bevorzugen Nektar, Pflanzens\u00e4fte und Pollen. Hin und wieder kommt aber auch Tierisches und Aas in <span id=\"ContextMatters_InText_Hook_frage\">Frage<\/span>.<\/strong><\/p>\n<p align=\"justify\"><strong>Wie die Deutsche Wespe, sind auch die Gemeinen Wespen eher l\u00e4stig auffallend. Sie suchen bewusst n\u00e4heren <span id=\"ContextMatters_InText_Hook_kontakt\">Kontakt<\/span> zu <span id=\"ContextMatters_InText_Hook_menschen\">Menschen<\/span>. Bei allen anderen Arten passiert dieserKontakt eher durch Zufall.<\/strong><\/p>\n<p align=\"justify\">\n<\/p><h1 align=\"justify\">Deutsche Wespe<\/h1>\n<p align=\"justify\"><strong>Die Deutsche Wespe geh\u00f6rt zu der Unterfamilie der Echten Wespen .<\/strong><br>\n<strong> M\u00e4nnliche Wespen werden zwischen 13 und 17mm gro\u00df. Die Weibchen sind mit 11 bis 16mm kleiner. Die K\u00f6nigin wird hingegen bis zu 21mm gro\u00df. Auff\u00e4llig sind bei dieser Art die drei schwarzen Punkte, welche auf dem Kopfschild zu sehen sind.<\/strong><\/p>\n<p align=\"justify\">\n<strong> Deutsche Wespen tauchen meist in offenen Landschaften und Siedlungsbereichen auf. H\u00e4ufig f\u00e4llt diese Art eher l\u00e4stig und st\u00f6rend auf, obwohl sie uns von manch anderen l\u00e4stigen Insekten befreit. Deutsche Wespen bilden Staaten und sind soziale Tiere. Ihre Nester bauen sie unter der Erde, wie z.B. in M\u00e4usenestern, oder an oberirdischen, dunklen und gesch\u00fctzten Orten. Hierf\u00fcr kommen z.B. Dachb\u00f6den oder andere Stellen im Geb\u00e4ude in <span id=\"ContextMatters_InText_Hook_frage\">Frage<\/span>. Die neuen Nester werden ab dem Fr\u00fchjahr von den \u00fcberwinternden Jungk\u00f6niginnen gebaut. Eine typische Verhaltensweise f\u00fcr soziale Hautfl\u00fcgler weist die K\u00f6nigin auf, die nach dem ersten Schl\u00fcpfen der Weibchen das Nest nicht mehr verl\u00e4sst und sich allein auf das Eierlegen konzentriert.<\/strong><\/p>\n<p align=\"justify\">\n<strong> Ab jetzt k\u00fcmmern sich die Arbeiterinnen um den Bau des Nestes und um die Versorgung aller Nachk\u00f6mmlinge. Diese Versorgung besteht haupts\u00e4chlich aus der Jagd verschiedener Insekten, um den Larven gen\u00fcgend Nahrung zu bieten. Ein besonderer Leckerbissen f\u00fcr die Larven sind Fliegen. Ausgewachsene Wespen verzehren Nektar, Pflanzens\u00e4fte, Pollen, aber auch ab und zu tierisches, wozu auch Aas geh\u00f6rt.<\/strong><\/p>\n<p align=\"justify\"><strong>Ihre Waben formen sie aus Speichel und Fasern von verschiedenen Holzarten, welches sie abraspeln.<\/strong><\/p>\n\n\n<figure class=\"wp-block-image\"><img loading=\"lazy\" width=\"1440\" height=\"2560\" src=\"http:\/\/www.schaedlingsbekaempfung-buchholz.de\/wp-content\/uploads\/4E344A72-0799-48A0-A54A-6051CFDDA4E2-scaled.jpeg\" alt=\"Husen Sch\u00e4dlingsbek\u00e4mpfung \" class=\"wp-image-579\" srcset=\"https:\/\/www.schaedlingsbekaempfung-buchholz.de\/wp-content\/uploads\/4E344A72-0799-48A0-A54A-6051CFDDA4E2-scaled.jpeg 1440w, https:\/\/www.schaedlingsbekaempfung-buchholz.de\/wp-content\/uploads\/4E344A72-0799-48A0-A54A-6051CFDDA4E2-169x300.jpeg 169w, https:\/\/www.schaedlingsbekaempfung-buchholz.de\/wp-content\/uploads\/4E344A72-0799-48A0-A54A-6051CFDDA4E2-576x1024.jpeg 576w, https:\/\/www.schaedlingsbekaempfung-buchholz.de\/wp-content\/uploads\/4E344A72-0799-48A0-A54A-6051CFDDA4E2-768x1365.jpeg 768w, https:\/\/www.schaedlingsbekaempfung-buchholz.de\/wp-content\/uploads\/4E344A72-0799-48A0-A54A-6051CFDDA4E2-864x1536.jpeg 864w, https:\/\/www.schaedlingsbekaempfung-buchholz.de\/wp-content\/uploads\/4E344A72-0799-48A0-A54A-6051CFDDA4E2-1152x2048.jpeg 1152w, https:\/\/www.schaedlingsbekaempfung-buchholz.de\/wp-content\/uploads\/4E344A72-0799-48A0-A54A-6051CFDDA4E2-800x1422.jpeg 800w\" sizes=\"(max-width: 1440px) 100vw, 1440px\" \/><\/figure>\n\n\n\n<p>Baumwanze\/ Stinkwanze<\/p>\n\n\n\n<p>Ich habe momentan vermehrt anrufe und mir werden viele Bilder von dieser Wanze geschickt.<br>Es handelt sich hier um die Marmorierte Baumwanze, sie wird auch Stinkwanze genannt.<br>Die Tiere \u00fcberwintern bei uns in den H\u00e4usern in Ritzen und Fugen, gerne auch auf unseren Dachb\u00f6den.<br>Sie kommen jetzt vermehrt raus und genie\u00dfen, wie wir, die Sonne \u2600\ufe0f<br>Sie sind l\u00e4stig aber f\u00fcr uns kein Sch\u00e4dling.<\/p>\n\n\n\n<p>Sie werden von alleine wieder gehen, macht euch keine Sorgen. Wenn Sie st\u00f6ren, einfach ein Glas dr\u00fcber und raussetzen.<\/p>\n\n\n\n<p>Falls Ihr noch fragen habt, ruft mich gerne an!<br>04188-4444354<br>Oder per WhatsApp<br>01579-2356866<\/p>\n\n\n\n<p>Viele sonnige Gr\u00fc\u00dfe<br>Eure Annika<\/p>\n","protected":false},"excerpt":{"rendered":"<p>Gemeine Wespe Die Gemeine Wespe geh\u00f6rt zur Familie der Echten Wespen. Weibchen werden zwischen 10 und 14mm, die M\u00e4nchen 13 bis 17mm, gro\u00df. Die K\u00f6nigin kann eine Gr\u00f6\u00dfe bis zu 20mm erreichen. Zu erkennen ist die Art an der ankerf\u00f6rmigen Zeichnung auf dem Kopfschild. Die Wespen sind in offenen Landschaften und Siedlungsbereichen zu finden. Die Gemeinen Wespen bilden Staaten. Die<\/p>\n<p><a class=\"more-link\" href=\"https:\/\/www.schaedlingsbekaempfung-buchholz.de\/index.php\/wissenswertes\/\">Weiterlesen<\/a><\/p>\n","protected":false},"author":1,"featured_media":0,"parent":0,"menu_order":0,"comment_status":"closed","ping_status":"closed","template":"","meta":[],"_links":{"self":[{"href":"https:\/\/www.schaedlingsbekaempfung-buchholz.de\/index.php\/wp-json\/wp\/v2\/pages\/242"}],"collection":[{"href":"https:\/\/www.schaedlingsbekaempfung-buchholz.de\/index.php\/wp-json\/wp\/v2\/pages"}],"about":[{"href":"https:\/\/www.schaedlingsbekaempfung-buchholz.de\/index.php\/wp-json\/wp\/v2\/types\/page"}],"author":[{"embeddable":true,"href":"https:\/\/www.schaedlingsbekaempfung-buchholz.de\/index.php\/wp-json\/wp\/v2\/users\/1"}],"replies":[{"embeddable":true,"href":"https:\/\/www.schaedlingsbekaempfung-buchholz.de\/index.php\/wp-json\/wp\/v2\/comments?post=242"}],"version-history":[{"count":5,"href":"https:\/\/www.schaedlingsbekaempfung-buchholz.de\/index.php\/wp-json\/wp\/v2\/pages\/242\/revisions"}],"predecessor-version":[{"id":585,"href":"https:\/\/www.schaedlingsbekaempfung-buchholz.de\/index.php\/wp-json\/wp\/v2\/pages\/242\/revisions\/585"}],"wp:attachment":[{"href":"https:\/\/www.schaedlingsbekaempfung-buchholz.de\/index.php\/wp-json\/wp\/v2\/media?parent=242"}],"curies":[{"name":"wp","href":"https:\/\/api.w.org\/{rel}","templated":true}]}}