{"id":240,"date":"2017-03-07T15:46:49","date_gmt":"2017-03-07T14:46:49","guid":{"rendered":"http:\/\/www.ds-husen.de\/?page_id=240"},"modified":"2025-08-28T23:01:53","modified_gmt":"2025-08-28T21:01:53","slug":"kontakt","status":"publish","type":"page","link":"https:\/\/www.schaedlingsbekaempfung-buchholz.de\/index.php\/kontakt\/","title":{"rendered":"Kontakt:"},"content":{"rendered":"<h4 style=\"text-align: left;\"><strong>Rufen Sie uns gerne an um einen Termin zu vereinbaren!<\/strong><\/h4>\n<h3><strong>04188 &#8211; 44 44 35 4<\/strong><\/h3>\n<h4><strong>E-Mail:&nbsp; info@ds-husen.de<\/strong><\/h4>\n<h4>Sie k\u00f6nnen uns auch gerne per Whatsapp anschreiben: (es sind keine Telefonate \u00fcber die Nummer m\u00f6glich!)&nbsp;<\/h4>\n<h4>01579 &#8211; 23 56 86 6&nbsp;<\/h4>\n<p><\/p>\n\n\n<figure class=\"wp-block-image size-large\"><img loading=\"lazy\" width=\"471\" height=\"1024\" src=\"http:\/\/www.schaedlingsbekaempfung-buchholz.de\/wp-content\/uploads\/IMG_9369-471x1024.jpeg\" alt=\"\" class=\"wp-image-631\" srcset=\"https:\/\/www.schaedlingsbekaempfung-buchholz.de\/wp-content\/uploads\/IMG_9369-471x1024.jpeg 471w, https:\/\/www.schaedlingsbekaempfung-buchholz.de\/wp-content\/uploads\/IMG_9369-138x300.jpeg 138w, https:\/\/www.schaedlingsbekaempfung-buchholz.de\/wp-content\/uploads\/IMG_9369-768x1670.jpeg 768w, https:\/\/www.schaedlingsbekaempfung-buchholz.de\/wp-content\/uploads\/IMG_9369-706x1536.jpeg 706w, https:\/\/www.schaedlingsbekaempfung-buchholz.de\/wp-content\/uploads\/IMG_9369-942x2048.jpeg 942w, https:\/\/www.schaedlingsbekaempfung-buchholz.de\/wp-content\/uploads\/IMG_9369-800x1739.jpeg 800w, https:\/\/www.schaedlingsbekaempfung-buchholz.de\/wp-content\/uploads\/IMG_9369-scaled.jpeg 1177w\" sizes=\"(max-width: 471px) 100vw, 471px\" \/><\/figure>\n","protected":false},"excerpt":{"rendered":"<p>Rufen Sie uns gerne an um einen Termin zu vereinbaren! 04188 &#8211; 44 44 35 4 E-Mail:&nbsp; info@ds-husen.de Sie k\u00f6nnen uns auch gerne per Whatsapp anschreiben: (es sind keine Telefonate \u00fcber die Nummer m\u00f6glich!)&nbsp; 01579 &#8211; 23 56 86 6&nbsp;<\/p>\n","protected":false},"author":1,"featured_media":0,"parent":0,"menu_order":0,"comment_status":"closed","ping_status":"closed","template":"","meta":[],"_links":{"self":[{"href":"https:\/\/www.schaedlingsbekaempfung-buchholz.de\/index.php\/wp-json\/wp\/v2\/pages\/240"}],"collection":[{"href":"https:\/\/www.schaedlingsbekaempfung-buchholz.de\/index.php\/wp-json\/wp\/v2\/pages"}],"about":[{"href":"https:\/\/www.schaedlingsbekaempfung-buchholz.de\/index.php\/wp-json\/wp\/v2\/types\/page"}],"author":[{"embeddable":true,"href":"https:\/\/www.schaedlingsbekaempfung-buchholz.de\/index.php\/wp-json\/wp\/v2\/users\/1"}],"replies":[{"embeddable":true,"href":"https:\/\/www.schaedlingsbekaempfung-buchholz.de\/index.php\/wp-json\/wp\/v2\/comments?post=240"}],"version-history":[{"count":12,"href":"https:\/\/www.schaedlingsbekaempfung-buchholz.de\/index.php\/wp-json\/wp\/v2\/pages\/240\/revisions"}],"predecessor-version":[{"id":632,"href":"https:\/\/www.schaedlingsbekaempfung-buchholz.de\/index.php\/wp-json\/wp\/v2\/pages\/240\/revisions\/632"}],"wp:attachment":[{"href":"https:\/\/www.schaedlingsbekaempfung-buchholz.de\/index.php\/wp-json\/wp\/v2\/media?parent=240"}],"curies":[{"name":"wp","href":"https:\/\/api.w.org\/{rel}","templated":true}]}}