{"id":239,"date":"2017-03-07T15:46:49","date_gmt":"2017-03-07T14:46:49","guid":{"rendered":"http:\/\/www.ds-husen.de\/?page_id=239"},"modified":"2023-03-06T15:32:51","modified_gmt":"2023-03-06T14:32:51","slug":"ueber-uns","status":"publish","type":"page","link":"https:\/\/www.schaedlingsbekaempfung-buchholz.de\/index.php\/ueber-uns\/","title":{"rendered":"Wir \u00fcber uns"},"content":{"rendered":"<p>Hier m\u00f6chten wir uns Ihnen gerne vorstellen, damit Sie einen ersten Eindruck von uns gewinnen k\u00f6nnen.<\/p>\n<p>2015 wagten Annika und Sascha Husen, den Schritt in die Selbst\u00e4ndigkeit.<\/p>\n<p>Er als gelernter Dachdecker und Sie als IHK gepr\u00fcfte Sch\u00e4dlingsbek\u00e4mpferin machte die einzigartige Kombination perfekt.<\/p>\n<p>2016 dr\u00fcckte Sascha nochmals die Schulbank, machte den T\u00dcV gepr\u00fcften Sch\u00e4dlingsbek\u00e4mpfer, um Ihnen mit Rat und Tat zur Seite zu stehen!<\/p>\n","protected":false},"excerpt":{"rendered":"<p>Hier m\u00f6chten wir uns Ihnen gerne vorstellen, damit Sie einen ersten Eindruck von uns gewinnen k\u00f6nnen. 2015 wagten Annika und Sascha Husen, den Schritt in die Selbst\u00e4ndigkeit. Er als gelernter Dachdecker und Sie als IHK gepr\u00fcfte Sch\u00e4dlingsbek\u00e4mpferin machte die einzigartige Kombination perfekt. 2016 dr\u00fcckte Sascha nochmals die Schulbank, machte den T\u00dcV gepr\u00fcften Sch\u00e4dlingsbek\u00e4mpfer, um Ihnen mit Rat und Tat zur<\/p>\n<p><a class=\"more-link\" href=\"https:\/\/www.schaedlingsbekaempfung-buchholz.de\/index.php\/ueber-uns\/\">Weiterlesen<\/a><\/p>\n","protected":false},"author":1,"featured_media":0,"parent":0,"menu_order":0,"comment_status":"closed","ping_status":"closed","template":"","meta":[],"_links":{"self":[{"href":"https:\/\/www.schaedlingsbekaempfung-buchholz.de\/index.php\/wp-json\/wp\/v2\/pages\/239"}],"collection":[{"href":"https:\/\/www.schaedlingsbekaempfung-buchholz.de\/index.php\/wp-json\/wp\/v2\/pages"}],"about":[{"href":"https:\/\/www.schaedlingsbekaempfung-buchholz.de\/index.php\/wp-json\/wp\/v2\/types\/page"}],"author":[{"embeddable":true,"href":"https:\/\/www.schaedlingsbekaempfung-buchholz.de\/index.php\/wp-json\/wp\/v2\/users\/1"}],"replies":[{"embeddable":true,"href":"https:\/\/www.schaedlingsbekaempfung-buchholz.de\/index.php\/wp-json\/wp\/v2\/comments?post=239"}],"version-history":[{"count":11,"href":"https:\/\/www.schaedlingsbekaempfung-buchholz.de\/index.php\/wp-json\/wp\/v2\/pages\/239\/revisions"}],"predecessor-version":[{"id":617,"href":"https:\/\/www.schaedlingsbekaempfung-buchholz.de\/index.php\/wp-json\/wp\/v2\/pages\/239\/revisions\/617"}],"wp:attachment":[{"href":"https:\/\/www.schaedlingsbekaempfung-buchholz.de\/index.php\/wp-json\/wp\/v2\/media?parent=239"}],"curies":[{"name":"wp","href":"https:\/\/api.w.org\/{rel}","templated":true}]}}