{"id":108,"date":"2015-08-01T11:56:38","date_gmt":"2015-08-01T09:56:38","guid":{"rendered":"http:\/\/www.ds-husen.de\/?page_id=108"},"modified":"2025-08-28T22:58:32","modified_gmt":"2025-08-28T20:58:32","slug":"marder","status":"publish","type":"page","link":"https:\/\/www.schaedlingsbekaempfung-buchholz.de\/index.php\/schaedlingsbekaempfung\/marder\/","title":{"rendered":"Marder"},"content":{"rendered":"<h1><strong><span style=\"color: #00ff00;\">Mardervergr\u00e4mung<\/span><\/strong><\/h1>\n<div id=\"attachment_94\" style=\"width: 5322px\" class=\"wp-caption alignnone\"><img aria-describedby=\"caption-attachment-94\" loading=\"lazy\" class=\"size-full wp-image-94\" src=\"http:\/\/www.ds-husen.de\/wp-content\/uploads\/20150708_180555.jpg\" alt=\"\" width=\"5312\" height=\"2988\" \/><p id=\"caption-attachment-94\" class=\"wp-caption-text\">Husen Sch\u00e4dlingsbek\u00e4mpfung<\/p><\/div>\n<p><img src=\"https:\/\/www.schaedlingsbekaempfung-buchholz.de\/wp-content\/uploads\/Marderspuren-1024x768.jpg\" alt=\"Dieses Bild hat ein leeres Alt-Attribut. Der Dateiname ist Marderspuren-1024x768.jpg\" \/><\/p>\n<p><span style=\"color: #00ff00;\"><strong>Marder Sind selten gebetene G\u00e4ste auf dem Dach<\/strong><\/span><\/p>\n<h6><strong>Sie machen L\u00e4rm, k\u00f6nnen Sch\u00e4den im Dach verursachen und knabbern gerne Kabel von Autos an.<\/strong><\/h6>\n<h4><\/h4>\n<p><strong>Wir machen dem Marder das Leben auf Ihrem Dach schwer!!!<\/strong><\/p>\n<p><b>Als erstes vergr\u00e4men wir Ihn und dann sichern wir Ihr Dach.<\/b><\/p>\n<h5><span style=\"color: #808080;\"><strong>Marder<\/strong><\/span><\/h5>\n<h6>Marder sind hundeartige Raubtiere. Zu ihnen geh\u00f6ren unter anderem auch die Otter, die Dachse und die Wiesel. Wenn man von \u201cMardern\u201d spricht, meint man meistens den Steinmarder oder den Baummarder.<\/h6>\n<h6>Marder k\u00f6nnen bis zu 10 Jahre alt werden. Sie werden zwischen 40 und 60 cm lang und haben dazu noch einen 12 bis 40 cm langen, buschigen Schwanz. Meist wiegen sie zwischen einem und sechs Kilo.<\/h6>\n<h6>Der Steinmarder\u00a0 hat kastanien- bis dunkelbraunes Fell mit einem wei\u00dfen Kehlfleck, weshalb er auch als Wei\u00dfkehlchen bekannt ist. Seine Nase ist fleischfarben. Man meint ihn auch, wenn man vom Automarder spricht. Diesen Namen hat er erhalten, weil er gern an den Gummischl\u00e4uchen eines Autos herumknabbert. Man findet ihn aber auch direkt in Gro\u00dfst\u00e4dten. Der Steinmarder wohnt gern in existierenden Steinh\u00f6hlen. Aber er zieht auch h\u00e4ufig in Dachb\u00f6den und Garagen ein. Als Allesfresser ern\u00e4hrt er sich von kleinen Tieren, Vogeleiern, Pflanzen, Beeren, Bl\u00e4ttern, Rinden und Insekten.<\/h6>\n<h2><strong>Rufen Sie uns gerne an, wir finden sicherlich auch f\u00fcr Ihr Dach eine L\u00f6sung!<\/strong><\/h2>\n","protected":false},"excerpt":{"rendered":"<p>Mardervergr\u00e4mung Marder Sind selten gebetene G\u00e4ste auf dem Dach Sie machen L\u00e4rm, k\u00f6nnen Sch\u00e4den im Dach verursachen und knabbern gerne Kabel von Autos an. Wir machen dem Marder das Leben auf Ihrem Dach schwer!!! Als erstes vergr\u00e4men wir Ihn und dann sichern wir Ihr Dach. Marder Marder sind hundeartige Raubtiere. Zu ihnen geh\u00f6ren unter anderem auch die Otter, die Dachse<\/p>\n<p><a class=\"more-link\" href=\"https:\/\/www.schaedlingsbekaempfung-buchholz.de\/index.php\/schaedlingsbekaempfung\/marder\/\">Weiterlesen<\/a><\/p>\n","protected":false},"author":1,"featured_media":0,"parent":39,"menu_order":0,"comment_status":"closed","ping_status":"closed","template":"","meta":[],"_links":{"self":[{"href":"https:\/\/www.schaedlingsbekaempfung-buchholz.de\/index.php\/wp-json\/wp\/v2\/pages\/108"}],"collection":[{"href":"https:\/\/www.schaedlingsbekaempfung-buchholz.de\/index.php\/wp-json\/wp\/v2\/pages"}],"about":[{"href":"https:\/\/www.schaedlingsbekaempfung-buchholz.de\/index.php\/wp-json\/wp\/v2\/types\/page"}],"author":[{"embeddable":true,"href":"https:\/\/www.schaedlingsbekaempfung-buchholz.de\/index.php\/wp-json\/wp\/v2\/users\/1"}],"replies":[{"embeddable":true,"href":"https:\/\/www.schaedlingsbekaempfung-buchholz.de\/index.php\/wp-json\/wp\/v2\/comments?post=108"}],"version-history":[{"count":9,"href":"https:\/\/www.schaedlingsbekaempfung-buchholz.de\/index.php\/wp-json\/wp\/v2\/pages\/108\/revisions"}],"predecessor-version":[{"id":630,"href":"https:\/\/www.schaedlingsbekaempfung-buchholz.de\/index.php\/wp-json\/wp\/v2\/pages\/108\/revisions\/630"}],"up":[{"embeddable":true,"href":"https:\/\/www.schaedlingsbekaempfung-buchholz.de\/index.php\/wp-json\/wp\/v2\/pages\/39"}],"wp:attachment":[{"href":"https:\/\/www.schaedlingsbekaempfung-buchholz.de\/index.php\/wp-json\/wp\/v2\/media?parent=108"}],"curies":[{"name":"wp","href":"https:\/\/api.w.org\/{rel}","templated":true}]}}